{"id":4565,"date":"2021-01-28T06:56:32","date_gmt":"2021-01-28T06:56:32","guid":{"rendered":"https:\/\/exterminationcapture.thedev.ca\/exterminateur-rive-nord\/"},"modified":"2025-12-17T11:07:48","modified_gmt":"2025-12-17T16:07:48","slug":"contact-info","status":"publish","type":"page","link":"https:\/\/exterminationcapture.com\/en\/contact-info\/","title":{"rendered":"Contact us"},"content":{"rendered":"\t\t<div data-elementor-type=\"wp-page\" data-elementor-id=\"4565\" class=\"elementor elementor-4565 elementor-138\">\n\t\t\t\t\t\t<section class=\"elementor-section elementor-top-section elementor-element elementor-element-a090b8b elementor-section-boxed elementor-section-height-default elementor-section-height-default\" data-id=\"a090b8b\" data-element_type=\"section\" data-settings=\"{&quot;background_background&quot;:&quot;classic&quot;}\">\n\t\t\t\t\t\t<div class=\"elementor-container elementor-column-gap-no\">\n\t\t\t\t\t<div class=\"elementor-column elementor-col-50 elementor-top-column elementor-element elementor-element-f0a65c4 animated-fast elementor-invisible\" data-id=\"f0a65c4\" data-element_type=\"column\" data-settings=\"{&quot;animation&quot;:&quot;fadeInLeft&quot;}\">\n\t\t\t<div class=\"elementor-widget-wrap elementor-element-populated\">\n\t\t\t\t\t\t<div class=\"elementor-element elementor-element-0b7386b elementor-widget elementor-widget-heading\" data-id=\"0b7386b\" data-element_type=\"widget\" data-widget_type=\"heading.default\">\n\t\t\t\t<div class=\"elementor-widget-container\">\n\t\t\t\t\t<h1 class=\"elementor-heading-title elementor-size-default\">Contact your <br \/>\nexterminator for <br \/>\nthe North Shore and Laval<\/h1>\t\t\t\t<\/div>\n\t\t\t\t<\/div>\n\t\t\t\t<div class=\"elementor-element elementor-element-81a592f elementor-widget elementor-widget-button\" data-id=\"81a592f\" data-element_type=\"widget\" data-widget_type=\"button.default\">\n\t\t\t\t<div class=\"elementor-widget-container\">\n\t\t\t\t\t\t\t\t\t<div class=\"elementor-button-wrapper\">\n\t\t\t\t\t<a class=\"elementor-button elementor-button-link elementor-size-sm\" href=\"https:\/\/plannit.io\/merchants\/ecrnextermination?language=fr&#038;view=merchantProfile&#038;action=Message\" target=\"_blank\">\n\t\t\t\t\t\t<span class=\"elementor-button-content-wrapper\">\n\t\t\t\t\t\t\t\t\t<span class=\"elementor-button-text\">Quote request<\/span>\n\t\t\t\t\t<\/span>\n\t\t\t\t\t<\/a>\n\t\t\t\t<\/div>\n\t\t\t\t\t\t\t\t<\/div>\n\t\t\t\t<\/div>\n\t\t\t\t\t<\/div>\n\t\t<\/div>\n\t\t\t\t<div class=\"elementor-column elementor-col-50 elementor-top-column elementor-element elementor-element-c013de9\" data-id=\"c013de9\" data-element_type=\"column\">\n\t\t\t<div class=\"elementor-widget-wrap\">\n\t\t\t\t\t\t\t<\/div>\n\t\t<\/div>\n\t\t\t\t\t<\/div>\n\t\t<\/section>\n\t\t\t\t<section class=\"elementor-section elementor-top-section elementor-element elementor-element-03f7e3e elementor-section-boxed elementor-section-height-default elementor-section-height-default\" data-id=\"03f7e3e\" data-element_type=\"section\">\n\t\t\t\t\t\t<div class=\"elementor-container elementor-column-gap-no\">\n\t\t\t\t\t<div class=\"elementor-column elementor-col-50 elementor-top-column elementor-element elementor-element-a56da95\" data-id=\"a56da95\" data-element_type=\"column\">\n\t\t\t<div class=\"elementor-widget-wrap elementor-element-populated\">\n\t\t\t\t\t\t<div class=\"elementor-element elementor-element-5ee0081 elementor-widget elementor-widget-image\" data-id=\"5ee0081\" data-element_type=\"widget\" data-widget_type=\"image.default\">\n\t\t\t\t<div class=\"elementor-widget-container\">\n\t\t\t\t\t\t\t\t\t\t\t\t\t\t\t<img fetchpriority=\"high\" decoding=\"async\" width=\"597\" height=\"484\" src=\"https:\/\/exterminationcapture.com\/wp-content\/uploads\/exterminateur-recommande-caa.jpg\" class=\"attachment-large size-large wp-image-3612\" alt=\"exterminateur recommand\u00e9 CAA-Qu\u00e9bec\" srcset=\"https:\/\/exterminationcapture.com\/wp-content\/uploads\/exterminateur-recommande-caa.jpg 597w, https:\/\/exterminationcapture.com\/wp-content\/uploads\/exterminateur-recommande-caa-300x243.jpg 300w\" sizes=\"(max-width: 597px) 100vw, 597px\" \/>\t\t\t\t\t\t\t\t\t\t\t\t\t\t\t<\/div>\n\t\t\t\t<\/div>\n\t\t\t\t\t<\/div>\n\t\t<\/div>\n\t\t\t\t<div class=\"elementor-column elementor-col-50 elementor-top-column elementor-element elementor-element-48379d9\" data-id=\"48379d9\" data-element_type=\"column\">\n\t\t\t<div class=\"elementor-widget-wrap elementor-element-populated\">\n\t\t\t\t\t\t<div class=\"elementor-element elementor-element-ce1cf07 elementor-widget elementor-widget-heading\" data-id=\"ce1cf07\" data-element_type=\"widget\" data-widget_type=\"heading.default\">\n\t\t\t\t<div class=\"elementor-widget-container\">\n\t\t\t\t\t<h2 class=\"elementor-heading-title elementor-size-default\">Contact an exterminator<\/h2>\t\t\t\t<\/div>\n\t\t\t\t<\/div>\n\t\t\t\t<div class=\"elementor-element elementor-element-9e0eef2 elementor-widget elementor-widget-text-editor\" data-id=\"9e0eef2\" data-element_type=\"widget\" data-widget_type=\"text-editor.default\">\n\t\t\t\t<div class=\"elementor-widget-container\">\n\t\t\t\t\t\t\t\t\t<p><span style=\"font-weight: 400;\">Whether you need an <\/span><i><span style=\"font-weight: 400;\">exterminator in Laval<\/span><\/i><span style=\"font-weight: 400;\">, on the<\/span><i><span style=\"font-weight: 400;\"> North Shore<\/span><\/i><span style=\"font-weight: 400;\">, in the Laurentians or even in Mauricie, trust the expertise of ECRN Extermination and contact one of our expert exterminators today to get rid of your pests: <\/span><a href=\"tel:+18555982626\"><span style=\"font-weight: 400;\">1-855-598-2626<\/span><\/a><span style=\"font-weight: 400;\">. You can also fill out the form below so that an expert can contact you. We mainly cover these cities: Laval, Ste-Th\u00e9r\u00e8se, Trois-Rivi\u00e8res, Terrebonne, Boisbriand, St-Eustache, Oka, Deux-Montagnes, Ste-Marthe-sur-le-Lac, Saint-Joseph-du-Lac, Lorraine, Bois-des-Filion, Ste-Anne-des-Plaines, Mirabel, St-J\u00e9r\u00f4me, Saint-Colomban and Lachute. We can travel outside of these areas according to your needs.<\/span><\/p>\t\t\t\t\t\t\t\t<\/div>\n\t\t\t\t<\/div>\n\t\t\t\t<div class=\"elementor-element elementor-element-55a82ab elementor-widget__width-auto elementor-widget elementor-widget-button\" data-id=\"55a82ab\" data-element_type=\"widget\" data-widget_type=\"button.default\">\n\t\t\t\t<div class=\"elementor-widget-container\">\n\t\t\t\t\t\t\t\t\t<div class=\"elementor-button-wrapper\">\n\t\t\t\t\t<a class=\"elementor-button elementor-button-link elementor-size-sm\" href=\"https:\/\/plannit.io\/merchants\/ecrnextermination?language=fr&#038;view=merchantProfile&#038;action=Message\" target=\"_blank\">\n\t\t\t\t\t\t<span class=\"elementor-button-content-wrapper\">\n\t\t\t\t\t\t\t\t\t<span class=\"elementor-button-text\">Contact us to find out more<\/span>\n\t\t\t\t\t<\/span>\n\t\t\t\t\t<\/a>\n\t\t\t\t<\/div>\n\t\t\t\t\t\t\t\t<\/div>\n\t\t\t\t<\/div>\n\t\t\t\t\t<\/div>\n\t\t<\/div>\n\t\t\t\t\t<\/div>\n\t\t<\/section>\n\t\t\t\t<section class=\"elementor-section elementor-top-section elementor-element elementor-element-92ae676 elementor-section-boxed elementor-section-height-default elementor-section-height-default\" data-id=\"92ae676\" data-element_type=\"section\">\n\t\t\t\t\t\t<div class=\"elementor-container elementor-column-gap-no\">\n\t\t\t\t\t<div class=\"elementor-column elementor-col-50 elementor-top-column elementor-element elementor-element-d21aa3b\" data-id=\"d21aa3b\" data-element_type=\"column\">\n\t\t\t<div class=\"elementor-widget-wrap elementor-element-populated\">\n\t\t\t\t\t\t<div class=\"elementor-element elementor-element-0be071f elementor-view-stacked elementor-shape-circle elementor-position-block-start elementor-mobile-position-block-start elementor-widget elementor-widget-icon-box\" data-id=\"0be071f\" data-element_type=\"widget\" data-widget_type=\"icon-box.default\">\n\t\t\t\t<div class=\"elementor-widget-container\">\n\t\t\t\t\t\t\t<div class=\"elementor-icon-box-wrapper\">\n\n\t\t\t\t\t\t<div class=\"elementor-icon-box-icon\">\n\t\t\t\t<span  class=\"elementor-icon\">\n\t\t\t\t<svg aria-hidden=\"true\" class=\"e-font-icon-svg e-fas-bug\" viewBox=\"0 0 512 512\" xmlns=\"http:\/\/www.w3.org\/2000\/svg\"><path d=\"M511.988 288.9c-.478 17.43-15.217 31.1-32.653 31.1H424v16c0 21.864-4.882 42.584-13.6 61.145l60.228 60.228c12.496 12.497 12.496 32.758 0 45.255-12.498 12.497-32.759 12.496-45.256 0l-54.736-54.736C345.886 467.965 314.351 480 280 480V236c0-6.627-5.373-12-12-12h-24c-6.627 0-12 5.373-12 12v244c-34.351 0-65.886-12.035-90.636-32.108l-54.736 54.736c-12.498 12.497-32.759 12.496-45.256 0-12.496-12.497-12.496-32.758 0-45.255l60.228-60.228C92.882 378.584 88 357.864 88 336v-16H32.666C15.23 320 .491 306.33.013 288.9-.484 270.816 14.028 256 32 256h56v-58.745l-46.628-46.628c-12.496-12.497-12.496-32.758 0-45.255 12.498-12.497 32.758-12.497 45.256 0L141.255 160h229.489l54.627-54.627c12.498-12.497 32.758-12.497 45.256 0 12.496 12.497 12.496 32.758 0 45.255L424 197.255V256h56c17.972 0 32.484 14.816 31.988 32.9zM257 0c-61.856 0-112 50.144-112 112h224C369 50.144 318.856 0 257 0z\"><\/path><\/svg>\t\t\t\t<\/span>\n\t\t\t<\/div>\n\t\t\t\n\t\t\t\t\t\t<div class=\"elementor-icon-box-content\">\n\n\t\t\t\t\t\t\t\t\t<h3 class=\"elementor-icon-box-title\">\n\t\t\t\t\t\t<span  >\n\t\t\t\t\t\t\tECRN Extermination <br \/>Deux-Montagnes\t\t\t\t\t\t<\/span>\n\t\t\t\t\t<\/h3>\n\t\t\t\t\n\t\t\t\t\t\t\t\t\t<p class=\"elementor-icon-box-description\">\n\t\t\t\t\t\t1005 Chemin d'Oka<br \/>Deux-Montagnes, QC J7R 1L9<br \/>\n<a href=\"tel:+18555982626\">1-855-598-2626<\/a>\t\t\t\t\t<\/p>\n\t\t\t\t\n\t\t\t<\/div>\n\t\t\t\n\t\t<\/div>\n\t\t\t\t\t\t<\/div>\n\t\t\t\t<\/div>\n\t\t\t\t<div class=\"elementor-element elementor-element-cc08bf6 elementor-widget__width-auto elementor-widget elementor-widget-button\" data-id=\"cc08bf6\" data-element_type=\"widget\" data-widget_type=\"button.default\">\n\t\t\t\t<div class=\"elementor-widget-container\">\n\t\t\t\t\t\t\t\t\t<div class=\"elementor-button-wrapper\">\n\t\t\t\t\t<a class=\"elementor-button elementor-button-link elementor-size-sm\" href=\"https:\/\/plannit.io\/merchants\/ecrnextermination?language=fr&#038;view=merchantProfile&#038;action=Message\" target=\"_blank\">\n\t\t\t\t\t\t<span class=\"elementor-button-content-wrapper\">\n\t\t\t\t\t\t\t\t\t<span class=\"elementor-button-text\">Contact us<\/span>\n\t\t\t\t\t<\/span>\n\t\t\t\t\t<\/a>\n\t\t\t\t<\/div>\n\t\t\t\t\t\t\t\t<\/div>\n\t\t\t\t<\/div>\n\t\t\t\t<div class=\"elementor-element elementor-element-db25d2a elementor-widget elementor-widget-html\" data-id=\"db25d2a\" data-element_type=\"widget\" data-widget_type=\"html.default\">\n\t\t\t\t<div class=\"elementor-widget-container\">\n\t\t\t\t\t<iframe src=\"https:\/\/www.google.com\/maps\/embed?pb=!1m18!1m12!1m3!1d2791.403915794106!2d-73.89448549999999!3d45.5402244!2m3!1f0!2f0!3f0!3m2!1i1024!2i768!4f13.1!3m3!1m2!1s0x4cc9255cfb0ec8f7%3A0x2edef2005e77d255!2sECRN%20Extermination!5e0!3m2!1sfr!2sca!4v1737569374449!5m2!1sfr!2sca\" width=\"100%\" height=\"250\" style=\"border:0;\" allowfullscreen=\"\" loading=\"lazy\" referrerpolicy=\"no-referrer-when-downgrade\"><\/iframe>\t\t\t\t<\/div>\n\t\t\t\t<\/div>\n\t\t\t\t<div class=\"elementor-element elementor-element-58f36e8 elementor-widget elementor-widget-html\" data-id=\"58f36e8\" data-element_type=\"widget\" data-widget_type=\"html.default\">\n\t\t\t\t<div class=\"elementor-widget-container\">\n\t\t\t\t\t<iframe src=\"https:\/\/www.google.com\/maps\/embed?pb=!3m2!1sfr!2sca!4v1737569418191!5m2!1sfr!2sca!6m8!1m7!1sFg8V3zaEgbEyzCjg5F6tMg!2m2!1d45.5401171709124!2d-73.89422785729376!3f300.14185!4f0!5f0.7820865974627469\" width=\"100%\" height=\"250\" style=\"border:0;\" allowfullscreen=\"\" loading=\"lazy\" referrerpolicy=\"no-referrer-when-downgrade\"><\/iframe>\t\t\t\t<\/div>\n\t\t\t\t<\/div>\n\t\t\t\t\t<\/div>\n\t\t<\/div>\n\t\t\t\t<div class=\"elementor-column elementor-col-50 elementor-top-column elementor-element elementor-element-8e024de\" data-id=\"8e024de\" data-element_type=\"column\">\n\t\t\t<div class=\"elementor-widget-wrap elementor-element-populated\">\n\t\t\t\t\t\t<div class=\"elementor-element elementor-element-b590816 elementor-view-stacked elementor-shape-circle elementor-position-block-start elementor-mobile-position-block-start elementor-widget elementor-widget-icon-box\" data-id=\"b590816\" data-element_type=\"widget\" data-widget_type=\"icon-box.default\">\n\t\t\t\t<div class=\"elementor-widget-container\">\n\t\t\t\t\t\t\t<div class=\"elementor-icon-box-wrapper\">\n\n\t\t\t\t\t\t<div class=\"elementor-icon-box-icon\">\n\t\t\t\t<span  class=\"elementor-icon\">\n\t\t\t\t<svg aria-hidden=\"true\" class=\"e-font-icon-svg e-fas-bug\" viewBox=\"0 0 512 512\" xmlns=\"http:\/\/www.w3.org\/2000\/svg\"><path d=\"M511.988 288.9c-.478 17.43-15.217 31.1-32.653 31.1H424v16c0 21.864-4.882 42.584-13.6 61.145l60.228 60.228c12.496 12.497 12.496 32.758 0 45.255-12.498 12.497-32.759 12.496-45.256 0l-54.736-54.736C345.886 467.965 314.351 480 280 480V236c0-6.627-5.373-12-12-12h-24c-6.627 0-12 5.373-12 12v244c-34.351 0-65.886-12.035-90.636-32.108l-54.736 54.736c-12.498 12.497-32.759 12.496-45.256 0-12.496-12.497-12.496-32.758 0-45.255l60.228-60.228C92.882 378.584 88 357.864 88 336v-16H32.666C15.23 320 .491 306.33.013 288.9-.484 270.816 14.028 256 32 256h56v-58.745l-46.628-46.628c-12.496-12.497-12.496-32.758 0-45.255 12.498-12.497 32.758-12.497 45.256 0L141.255 160h229.489l54.627-54.627c12.498-12.497 32.758-12.497 45.256 0 12.496 12.497 12.496 32.758 0 45.255L424 197.255V256h56c17.972 0 32.484 14.816 31.988 32.9zM257 0c-61.856 0-112 50.144-112 112h224C369 50.144 318.856 0 257 0z\"><\/path><\/svg>\t\t\t\t<\/span>\n\t\t\t<\/div>\n\t\t\t\n\t\t\t\t\t\t<div class=\"elementor-icon-box-content\">\n\n\t\t\t\t\t\t\t\t\t<h3 class=\"elementor-icon-box-title\">\n\t\t\t\t\t\t<span  >\n\t\t\t\t\t\t\tECRN Extermination <br \/>Sainte-Th\u00e9r\u00e8se\t\t\t\t\t\t<\/span>\n\t\t\t\t\t<\/h3>\n\t\t\t\t\n\t\t\t\t\t\t\t\t\t<p class=\"elementor-icon-box-description\">\n\t\t\t\t\t\t92 Boul. du Cur\u00e9-Labelle<br>Sainte-Th\u00e9r\u00e8se, QC J7E 2X5\n<br>\n<a href=\"\" title=\"Call +18333444111 via 3CX\" target=\"_blank\">1-833-344-4111<\/a>\t\t\t\t\t<\/p>\n\t\t\t\t\n\t\t\t<\/div>\n\t\t\t\n\t\t<\/div>\n\t\t\t\t\t\t<\/div>\n\t\t\t\t<\/div>\n\t\t\t\t<div class=\"elementor-element elementor-element-1761d05 elementor-widget__width-auto elementor-widget elementor-widget-button\" data-id=\"1761d05\" data-element_type=\"widget\" data-widget_type=\"button.default\">\n\t\t\t\t<div class=\"elementor-widget-container\">\n\t\t\t\t\t\t\t\t\t<div class=\"elementor-button-wrapper\">\n\t\t\t\t\t<a class=\"elementor-button elementor-button-link elementor-size-sm\" href=\"https:\/\/plannit.io\/merchants\/ecrnextermination?language=fr&#038;view=merchantProfile&#038;action=Message\" target=\"_blank\">\n\t\t\t\t\t\t<span class=\"elementor-button-content-wrapper\">\n\t\t\t\t\t\t\t\t\t<span class=\"elementor-button-text\">Contact us<\/span>\n\t\t\t\t\t<\/span>\n\t\t\t\t\t<\/a>\n\t\t\t\t<\/div>\n\t\t\t\t\t\t\t\t<\/div>\n\t\t\t\t<\/div>\n\t\t\t\t<div class=\"elementor-element elementor-element-3f6f6f3 elementor-widget elementor-widget-html\" data-id=\"3f6f6f3\" data-element_type=\"widget\" data-widget_type=\"html.default\">\n\t\t\t\t<div class=\"elementor-widget-container\">\n\t\t\t\t\t<iframe src=\"https:\/\/www.google.com\/maps\/embed?pb=!1m18!1m12!1m3!1d2789.5102399373973!2d-73.83191492363447!3d45.64057257107741!2m3!1f0!2f0!3f0!3m2!1i1024!2i768!4f13.1!3m3!1m2!1s0x4cc9281d9d44dd11%3A0x26b2a390948fab48!2sECRN%20Extermination!5e0!3m2!1sfr!2sca!4v1737569806902!5m2!1sfr!2sca\" width=\"100%\" height=\"250\" style=\"border:0;\" allowfullscreen=\"\" loading=\"lazy\" referrerpolicy=\"no-referrer-when-downgrade\"><\/iframe>\t\t\t\t<\/div>\n\t\t\t\t<\/div>\n\t\t\t\t<div class=\"elementor-element elementor-element-01a2325 elementor-widget elementor-widget-html\" data-id=\"01a2325\" data-element_type=\"widget\" data-widget_type=\"html.default\">\n\t\t\t\t<div class=\"elementor-widget-container\">\n\t\t\t\t\t<iframe src=\"https:\/\/www.google.com\/maps\/embed?pb=!3m2!1sfr!2sca!4v1737569834348!5m2!1sfr!2sca!6m8!1m7!1sJSZ2cZUDh6ZR7or9y1a7nQ!2m2!1d45.64040758349415!2d-73.82965879876154!3f56.282063!4f0!5f0.7820865974627469\" width=\"100%\" height=\"250\" style=\"border:0;\" allowfullscreen=\"\" loading=\"lazy\" referrerpolicy=\"no-referrer-when-downgrade\"><\/iframe>\t\t\t\t<\/div>\n\t\t\t\t<\/div>\n\t\t\t\t\t<\/div>\n\t\t<\/div>\n\t\t\t\t\t<\/div>\n\t\t<\/section>\n\t\t\t\t<\/div>\n\t\t","protected":false},"excerpt":{"rendered":"<p>Contact your exterminator for the North Shore and Laval Quote request Contact an exterminator Whether you need an exterminator in Laval, on the North Shore, in the Laurentians or even in Mauricie, trust the expertise of ECRN Extermination and contact one of our expert exterminators today to get rid of your pests: 1-855-598-2626. You can [&hellip;]<\/p>\n","protected":false},"author":8,"featured_media":0,"parent":0,"menu_order":1,"comment_status":"closed","ping_status":"closed","template":"full-width.php","meta":{"_acf_changed":false,"footnotes":""},"class_list":["post-4565","page","type-page","status-publish","hentry"],"acf":[],"yoast_head":"<!-- This site is optimized with the Yoast SEO plugin v27.4 - https:\/\/yoast.com\/product\/yoast-seo-wordpress\/ -->\n<title>Contact | Exterminator on the North Shore | ECRN Extermination<\/title>\n<meta name=\"description\" content=\"Contact our exterminators to get rid of your pests! Sale of products and professional extermination service. Free quote: 450 598-2626.\" \/>\n<meta name=\"robots\" content=\"index, follow, max-snippet:-1, max-image-preview:large, max-video-preview:-1\" \/>\n<link rel=\"canonical\" href=\"https:\/\/exterminationcapture.com\/en\/contact-info\/\" \/>\n<meta property=\"og:locale\" content=\"en_US\" \/>\n<meta property=\"og:type\" content=\"article\" \/>\n<meta property=\"og:title\" content=\"Contact | Exterminator on the North Shore | ECRN Extermination\" \/>\n<meta property=\"og:description\" content=\"Contact our exterminators to get rid of your pests! Sale of products and professional extermination service. Free quote: 450 598-2626.\" \/>\n<meta property=\"og:url\" content=\"https:\/\/exterminationcapture.com\/en\/contact-info\/\" \/>\n<meta property=\"og:site_name\" content=\"ECRN Extermination\" \/>\n<meta property=\"article:modified_time\" content=\"2025-12-17T16:07:48+00:00\" \/>\n<meta property=\"og:image\" content=\"https:\/\/exterminationcapture.com\/wp-content\/uploads\/exterminateur-recommande-caa.jpg\" \/>\n\t<meta property=\"og:image:width\" content=\"597\" \/>\n\t<meta property=\"og:image:height\" content=\"484\" \/>\n\t<meta property=\"og:image:type\" content=\"image\/jpeg\" \/>\n<meta name=\"twitter:label1\" content=\"Est. reading time\" \/>\n\t<meta name=\"twitter:data1\" content=\"1 minute\" \/>\n<script type=\"application\/ld+json\" class=\"yoast-schema-graph\">{\"@context\":\"https:\\\/\\\/schema.org\",\"@graph\":[{\"@type\":\"WebPage\",\"@id\":\"https:\\\/\\\/exterminationcapture.com\\\/en\\\/contact-info\\\/\",\"url\":\"https:\\\/\\\/exterminationcapture.com\\\/en\\\/contact-info\\\/\",\"name\":\"Contact | Exterminator on the North Shore | ECRN Extermination\",\"isPartOf\":{\"@id\":\"https:\\\/\\\/exterminationcapture.com\\\/en\\\/#website\"},\"primaryImageOfPage\":{\"@id\":\"https:\\\/\\\/exterminationcapture.com\\\/en\\\/contact-info\\\/#primaryimage\"},\"image\":{\"@id\":\"https:\\\/\\\/exterminationcapture.com\\\/en\\\/contact-info\\\/#primaryimage\"},\"thumbnailUrl\":\"https:\\\/\\\/exterminationcapture.com\\\/wp-content\\\/uploads\\\/exterminateur-recommande-caa.jpg\",\"datePublished\":\"2021-01-28T06:56:32+00:00\",\"dateModified\":\"2025-12-17T16:07:48+00:00\",\"description\":\"Contact our exterminators to get rid of your pests! Sale of products and professional extermination service. Free quote: 450 598-2626.\",\"breadcrumb\":{\"@id\":\"https:\\\/\\\/exterminationcapture.com\\\/en\\\/contact-info\\\/#breadcrumb\"},\"inLanguage\":\"en-CA\",\"potentialAction\":[{\"@type\":\"ReadAction\",\"target\":[\"https:\\\/\\\/exterminationcapture.com\\\/en\\\/contact-info\\\/\"]}]},{\"@type\":\"ImageObject\",\"inLanguage\":\"en-CA\",\"@id\":\"https:\\\/\\\/exterminationcapture.com\\\/en\\\/contact-info\\\/#primaryimage\",\"url\":\"https:\\\/\\\/exterminationcapture.com\\\/wp-content\\\/uploads\\\/exterminateur-recommande-caa.jpg\",\"contentUrl\":\"https:\\\/\\\/exterminationcapture.com\\\/wp-content\\\/uploads\\\/exterminateur-recommande-caa.jpg\"},{\"@type\":\"BreadcrumbList\",\"@id\":\"https:\\\/\\\/exterminationcapture.com\\\/en\\\/contact-info\\\/#breadcrumb\",\"itemListElement\":[{\"@type\":\"ListItem\",\"position\":1,\"name\":\"Home\",\"item\":\"https:\\\/\\\/exterminationcapture.com\\\/en\\\/home\\\/\"},{\"@type\":\"ListItem\",\"position\":2,\"name\":\"Contact us\"}]},{\"@type\":\"WebSite\",\"@id\":\"https:\\\/\\\/exterminationcapture.com\\\/en\\\/#website\",\"url\":\"https:\\\/\\\/exterminationcapture.com\\\/en\\\/\",\"name\":\"ECRN Extermination\",\"description\":\"\",\"potentialAction\":[{\"@type\":\"SearchAction\",\"target\":{\"@type\":\"EntryPoint\",\"urlTemplate\":\"https:\\\/\\\/exterminationcapture.com\\\/en\\\/?s={search_term_string}\"},\"query-input\":{\"@type\":\"PropertyValueSpecification\",\"valueRequired\":true,\"valueName\":\"search_term_string\"}}],\"inLanguage\":\"en-CA\"}]}<\/script>\n<!-- \/ Yoast SEO plugin. -->","yoast_head_json":{"title":"Contact | Exterminator on the North Shore | ECRN Extermination","description":"Contact our exterminators to get rid of your pests! Sale of products and professional extermination service. Free quote: 450 598-2626.","robots":{"index":"index","follow":"follow","max-snippet":"max-snippet:-1","max-image-preview":"max-image-preview:large","max-video-preview":"max-video-preview:-1"},"canonical":"https:\/\/exterminationcapture.com\/en\/contact-info\/","og_locale":"en_US","og_type":"article","og_title":"Contact | Exterminator on the North Shore | ECRN Extermination","og_description":"Contact our exterminators to get rid of your pests! Sale of products and professional extermination service. Free quote: 450 598-2626.","og_url":"https:\/\/exterminationcapture.com\/en\/contact-info\/","og_site_name":"ECRN Extermination","article_modified_time":"2025-12-17T16:07:48+00:00","og_image":[{"width":597,"height":484,"url":"https:\/\/exterminationcapture.com\/wp-content\/uploads\/exterminateur-recommande-caa.jpg","type":"image\/jpeg"}],"twitter_misc":{"Est. reading time":"1 minute"},"schema":{"@context":"https:\/\/schema.org","@graph":[{"@type":"WebPage","@id":"https:\/\/exterminationcapture.com\/en\/contact-info\/","url":"https:\/\/exterminationcapture.com\/en\/contact-info\/","name":"Contact | Exterminator on the North Shore | ECRN Extermination","isPartOf":{"@id":"https:\/\/exterminationcapture.com\/en\/#website"},"primaryImageOfPage":{"@id":"https:\/\/exterminationcapture.com\/en\/contact-info\/#primaryimage"},"image":{"@id":"https:\/\/exterminationcapture.com\/en\/contact-info\/#primaryimage"},"thumbnailUrl":"https:\/\/exterminationcapture.com\/wp-content\/uploads\/exterminateur-recommande-caa.jpg","datePublished":"2021-01-28T06:56:32+00:00","dateModified":"2025-12-17T16:07:48+00:00","description":"Contact our exterminators to get rid of your pests! Sale of products and professional extermination service. Free quote: 450 598-2626.","breadcrumb":{"@id":"https:\/\/exterminationcapture.com\/en\/contact-info\/#breadcrumb"},"inLanguage":"en-CA","potentialAction":[{"@type":"ReadAction","target":["https:\/\/exterminationcapture.com\/en\/contact-info\/"]}]},{"@type":"ImageObject","inLanguage":"en-CA","@id":"https:\/\/exterminationcapture.com\/en\/contact-info\/#primaryimage","url":"https:\/\/exterminationcapture.com\/wp-content\/uploads\/exterminateur-recommande-caa.jpg","contentUrl":"https:\/\/exterminationcapture.com\/wp-content\/uploads\/exterminateur-recommande-caa.jpg"},{"@type":"BreadcrumbList","@id":"https:\/\/exterminationcapture.com\/en\/contact-info\/#breadcrumb","itemListElement":[{"@type":"ListItem","position":1,"name":"Home","item":"https:\/\/exterminationcapture.com\/en\/home\/"},{"@type":"ListItem","position":2,"name":"Contact us"}]},{"@type":"WebSite","@id":"https:\/\/exterminationcapture.com\/en\/#website","url":"https:\/\/exterminationcapture.com\/en\/","name":"ECRN Extermination","description":"","potentialAction":[{"@type":"SearchAction","target":{"@type":"EntryPoint","urlTemplate":"https:\/\/exterminationcapture.com\/en\/?s={search_term_string}"},"query-input":{"@type":"PropertyValueSpecification","valueRequired":true,"valueName":"search_term_string"}}],"inLanguage":"en-CA"}]}},"_links":{"self":[{"href":"https:\/\/exterminationcapture.com\/en\/wp-json\/wp\/v2\/pages\/4565","targetHints":{"allow":["GET"]}}],"collection":[{"href":"https:\/\/exterminationcapture.com\/en\/wp-json\/wp\/v2\/pages"}],"about":[{"href":"https:\/\/exterminationcapture.com\/en\/wp-json\/wp\/v2\/types\/page"}],"author":[{"embeddable":true,"href":"https:\/\/exterminationcapture.com\/en\/wp-json\/wp\/v2\/users\/8"}],"replies":[{"embeddable":true,"href":"https:\/\/exterminationcapture.com\/en\/wp-json\/wp\/v2\/comments?post=4565"}],"version-history":[{"count":16,"href":"https:\/\/exterminationcapture.com\/en\/wp-json\/wp\/v2\/pages\/4565\/revisions"}],"predecessor-version":[{"id":5029,"href":"https:\/\/exterminationcapture.com\/en\/wp-json\/wp\/v2\/pages\/4565\/revisions\/5029"}],"wp:attachment":[{"href":"https:\/\/exterminationcapture.com\/en\/wp-json\/wp\/v2\/media?parent=4565"}],"curies":[{"name":"wp","href":"https:\/\/api.w.org\/{rel}","templated":true}]}}